{"id":1065,"date":"2024-02-28T11:00:43","date_gmt":"2024-02-28T08:00:43","guid":{"rendered":"https:\/\/eitimadagascar.mg\/?page_id=1065"},"modified":"2025-12-30T11:19:28","modified_gmt":"2025-12-30T08:19:28","slug":"le-mot-du-champion-eiti","status":"publish","type":"page","link":"https:\/\/eitimadagascar.mg\/en\/le-mot-du-champion-eiti\/","title":{"rendered":"Mot du Champion"},"content":{"rendered":"<div class=\"wp-block-image\">\n<figure class=\"alignleft size-large is-resized\"><img decoding=\"async\" src=\"https:\/\/eitimadagascar.mg\/wp-content\/uploads\/2025\/10\/PIB-2022-Eng-1.jpeg\" data-original=\"https:\/\/eitimadagascar.mg\/wp-content\/uploads\/2025\/12\/WhatsApp-Image-2025-12-30-at-11.14.34-927x1024.jpeg\" alt=\"\" class=\"wp-image-2397 lazy\" style=\"width:375px;height:auto\"\/><\/figure><\/div>\n\n\n<p class=\"has-text-align-left\">Madagascar regorge de potentialit\u00e9s mini\u00e8res, p\u00e9troli\u00e8res et gazi\u00e8res qui n\u2019attendent qu\u2019\u00e0 \u00eatre explor\u00e9es et exploit\u00e9es de mani\u00e8re durable et responsable, offrant un formidable levier de d\u00e9veloppement \u00e0 la population Malagasy.<\/p>\n\n\n\n<p class=\"has-text-align-left\">La Politique G\u00e9n\u00e9rale de l&rsquo;\u00c9tat pour la Refondation affirme clairement notre volont\u00e9 d&rsquo;adopter une politique mini\u00e8re respectueuse de l&rsquo;environnement, \u00e9conomiquement efficace et b\u00e9n\u00e9fique pour les communaut\u00e9s locales.<\/p>\n\n\n\n<p class=\"has-text-align-left\">Nous sommes d\u00e9termin\u00e9s \u00e0 renforcer la lutte contre la corruption, \u00e0 promouvoir une gouvernance responsable et \u00e0 atteindre ensemble les objectifs de d\u00e9veloppement durable pour notre pays. L&rsquo;\u00c9tat s&rsquo;engage \u00e0 moderniser ses pratiques en suivant et respectant les normes internationales telles que celles de l&rsquo;Initiative pour la Transparence dans les Industries Extractives. Par cette d\u00e9marche, nous comptons r\u00e9tablir une relation de &nbsp;confiance et de partenariat entre les citoyens, les investisseurs et nos partenaires techniques et financiers.<\/p>\n\n\n\n<p class=\"has-text-align-left\">Avan\u00e7ons main dans la main sur ce chemin, la cl\u00e9 d\u2019un d\u00e9veloppement au long terme et responsable de Madagascar ne pourra se faire que dans la transparence et la bonne gouvernance avec des acteurs fiables.<\/p>\n\n\n\n<p>Carl ANDRIAMPARANY<\/p>\n\n\n\n<p><strong>Ministre des Mines &#8211; Champion EITI<\/strong><\/p>\n\n\n\n<p><\/p>","protected":false},"excerpt":{"rendered":"<p>Madagascar regorge de potentialit\u00e9s mini\u00e8res, p\u00e9troli\u00e8res et gazi\u00e8res qui n\u2019attendent qu\u2019\u00e0 \u00eatre explor\u00e9es et exploit\u00e9es de mani\u00e8re durable et responsable, offrant un formidable levier de d\u00e9veloppement \u00e0 la population Malagasy. La Politique G\u00e9n\u00e9rale de l&rsquo;\u00c9tat pour la Refondation affirme clairement notre volont\u00e9 d&rsquo;adopter une politique mini\u00e8re respectueuse de l&rsquo;environnement, \u00e9conomiquement efficace et b\u00e9n\u00e9fique pour les [&hellip;]<\/p>","protected":false},"author":1,"featured_media":0,"parent":0,"menu_order":0,"comment_status":"closed","ping_status":"closed","template":"","meta":{"_acf_changed":false,"footnotes":""},"class_list":["post-1065","page","type-page","status-publish","hentry"],"acf":[],"_links":{"self":[{"href":"https:\/\/eitimadagascar.mg\/en\/wp-json\/wp\/v2\/pages\/1065","targetHints":{"allow":["GET"]}}],"collection":[{"href":"https:\/\/eitimadagascar.mg\/en\/wp-json\/wp\/v2\/pages"}],"about":[{"href":"https:\/\/eitimadagascar.mg\/en\/wp-json\/wp\/v2\/types\/page"}],"author":[{"embeddable":true,"href":"https:\/\/eitimadagascar.mg\/en\/wp-json\/wp\/v2\/users\/1"}],"replies":[{"embeddable":true,"href":"https:\/\/eitimadagascar.mg\/en\/wp-json\/wp\/v2\/comments?post=1065"}],"version-history":[{"count":6,"href":"https:\/\/eitimadagascar.mg\/en\/wp-json\/wp\/v2\/pages\/1065\/revisions"}],"predecessor-version":[{"id":2398,"href":"https:\/\/eitimadagascar.mg\/en\/wp-json\/wp\/v2\/pages\/1065\/revisions\/2398"}],"wp:attachment":[{"href":"https:\/\/eitimadagascar.mg\/en\/wp-json\/wp\/v2\/media?parent=1065"}],"curies":[{"name":"wp","href":"https:\/\/api.w.org\/{rel}","templated":true}]}}