{"id":202,"date":"2023-03-09T10:10:08","date_gmt":"2023-03-09T07:10:08","guid":{"rendered":"https:\/\/eitimadagascar.mg\/?page_id=202"},"modified":"2023-06-29T12:32:48","modified_gmt":"2023-06-29T09:32:48","slug":"institutionnalisation-eiti","status":"publish","type":"page","link":"https:\/\/eitimadagascar.mg\/en\/institutionnalisation-eiti\/","title":{"rendered":"Institutionalization of the EITI"},"content":{"rendered":"<div class=\"wp-block-columns is-layout-flex wp-container-core-columns-is-layout-9d6595d7 wp-block-columns-is-layout-flex\">\n<div class=\"wp-block-column is-layout-flow wp-block-column-is-layout-flow\"><\/div>\n\n\n\n<div class=\"wp-block-column is-layout-flow wp-block-column-is-layout-flow\"><\/div>\n<\/div>\n\n\n\n<p><strong>Nouveau D\u00e9cret<\/strong><\/p>\n\n\n\n<div class=\"wp-block-columns is-layout-flex wp-container-core-columns-is-layout-9d6595d7 wp-block-columns-is-layout-flex\">\n<div class=\"wp-block-column is-layout-flow wp-block-column-is-layout-flow\">\n<p>D\u00e9cret 2023-335 Fixant le Statut juridique de l&rsquo;EITI<\/p>\n<\/div>\n\n\n\n<div class=\"wp-block-column is-layout-flow wp-block-column-is-layout-flow\">\n<p><a href=\"https:\/\/eitimadagascar.mg\/wp-content\/uploads\/2023\/04\/decret-2023-335-Fixant-le-Statut-juridique-EITI.pdf\">Download<\/a><\/p>\n<\/div>\n<\/div>\n\n\n\n<p><strong>Ancien D\u00e9cret<\/strong><\/p>\n\n\n\n<div class=\"wp-block-columns is-layout-flex wp-container-core-columns-is-layout-9d6595d7 wp-block-columns-is-layout-flex\">\n<div class=\"wp-block-column is-layout-flow wp-block-column-is-layout-flow\">\n<p>D\u00e9cret 2017-736 Portant institutionnalisation de l&rsquo;EITI<\/p>\n<\/div>\n\n\n\n<div class=\"wp-block-column is-layout-flow wp-block-column-is-layout-flow\">\n<p><a href=\"https:\/\/eitimadagascar.mg\/wp-content\/uploads\/2023\/03\/decret-2017-736-institutionnalisation-EITI.pdf\">Download<\/a><\/p>\n<\/div>\n<\/div>\n\n\n\n<div class=\"wp-block-columns is-layout-flex wp-container-core-columns-is-layout-9d6595d7 wp-block-columns-is-layout-flex\">\n<div class=\"wp-block-column is-layout-flow wp-block-column-is-layout-flow\" style=\"flex-basis:66.66%\">\n<p><\/p>\n\n\n\n<p><\/p>\n\n\n\n<p><\/p>\n\n\n\n<p><\/p>\n\n\n\n<p><\/p>\n<\/div>\n\n\n\n<div class=\"wp-block-column is-layout-flow wp-block-column-is-layout-flow\" style=\"flex-basis:33.33%\">\n<p><\/p>\n\n\n\n<p><\/p>\n\n\n\n<p><\/p>\n\n\n\n<p><\/p>\n\n\n\n<p><\/p>\n<\/div>\n<\/div>","protected":false},"excerpt":{"rendered":"<p>Nouveau D\u00e9cret D\u00e9cret 2023-335 Fixant le Statut juridique de l&rsquo;EITI T\u00e9l\u00e9charger Ancien D\u00e9cret D\u00e9cret 2017-736 Portant institutionnalisation de l&rsquo;EITI T\u00e9l\u00e9charger<\/p>","protected":false},"author":1,"featured_media":0,"parent":0,"menu_order":0,"comment_status":"closed","ping_status":"closed","template":"","meta":{"_acf_changed":false,"footnotes":""},"class_list":["post-202","page","type-page","status-publish","hentry"],"acf":[],"_links":{"self":[{"href":"https:\/\/eitimadagascar.mg\/en\/wp-json\/wp\/v2\/pages\/202","targetHints":{"allow":["GET"]}}],"collection":[{"href":"https:\/\/eitimadagascar.mg\/en\/wp-json\/wp\/v2\/pages"}],"about":[{"href":"https:\/\/eitimadagascar.mg\/en\/wp-json\/wp\/v2\/types\/page"}],"author":[{"embeddable":true,"href":"https:\/\/eitimadagascar.mg\/en\/wp-json\/wp\/v2\/users\/1"}],"replies":[{"embeddable":true,"href":"https:\/\/eitimadagascar.mg\/en\/wp-json\/wp\/v2\/comments?post=202"}],"version-history":[{"count":6,"href":"https:\/\/eitimadagascar.mg\/en\/wp-json\/wp\/v2\/pages\/202\/revisions"}],"predecessor-version":[{"id":458,"href":"https:\/\/eitimadagascar.mg\/en\/wp-json\/wp\/v2\/pages\/202\/revisions\/458"}],"wp:attachment":[{"href":"https:\/\/eitimadagascar.mg\/en\/wp-json\/wp\/v2\/media?parent=202"}],"curies":[{"name":"wp","href":"https:\/\/api.w.org\/{rel}","templated":true}]}}