{"id":293,"date":"2023-05-19T15:13:31","date_gmt":"2023-05-19T12:13:31","guid":{"rendered":"https:\/\/eitimadagascar.mg\/?page_id=293"},"modified":"2026-03-31T14:36:40","modified_gmt":"2026-03-31T11:36:40","slug":"les-membres-du-comite-national","status":"publish","type":"page","link":"https:\/\/eitimadagascar.mg\/en\/les-membres-du-comite-national\/","title":{"rendered":"National Committee"},"content":{"rendered":"<p class=\"justify\">The National Committee is the decision-making body of EITI Madagascar and serves as the multi-stakeholder forum for consultation and exchange among stakeholders in the transparency of the extractive industries. Its missions include :<\/p>\n\n\n\n<ul class=\"wp-block-list justify\">\n<li>making strategic decisions involving the EITI process in Madagascar independently;<\/li>\n\n\n\n<li>adopting internal regulations for the bodies and structures of EITI Madagascar ;<\/li>\n\n\n\n<li>approving a fully costed work plan aligned with the reporting and validation deadlines set by the EITI International Board ;<\/li>\n\n\n\n<li>adopting the draft budget presented by the Executive Director ;<\/li>\n\n\n\n<li>monitoring the EITI Madagascar process ;<\/li>\n\n\n\n<li>approving EITI Madagascar reports and annual progress reports ;<\/li>\n\n\n\n<li>participating in the Validation of EITI Madagascar.<\/li>\n<\/ul>\n\n\n\n<p class=\"justify\">The National Committee is composed of three (03) colleges : the Government College, the Extractive Industries College, and the Civil Society College.<\/p>\n\n\n\n<div class=\"custom-download-link\" style=\"display: flex; align-items: center; gap: 10px;\">\n    <div style=\"margin-right: 10px;\">\n        <p style=\"margin: 0;\">D\u00e9cret n\u00b02025-1572 nomination du Champion<\/p>\n    <\/div>\n    <div>\n        <a href=\"https:\/\/eitimadagascar.mg\/wp-content\/uploads\/2026\/03\/D2025-1752-VF-nominationChampion.pdf\" target=\"_blank\">Download<\/a>\n    <\/div>\n<\/div>\n\n\n\n<div class=\"custom-download-link\" style=\"display: flex; align-items: center; gap: 10px;\">\n    <div style=\"margin-right: 10px;\">\n        <p style=\"margin: 0;\">Arr\u00eat\u00e9 n\u00b0 35831\/2024 du 12 d\u00e9cembre 2024 portant nomination des membres du\u00a0Comit\u00e9\u00a0National<\/p>\n    <\/div>\n    <div>\n        <a href=\"https:\/\/eitimadagascar.mg\/wp-content\/uploads\/2025\/07\/Arrete-35831_2024-du-1212_24-Comite-National-1-1.pdf\" target=\"_blank\">Download<\/a>\n    <\/div>\n<\/div>\n\n\n\n<div class=\"custom-download-link\" style=\"display: flex; align-items: center; gap: 10px;\">\n    <div style=\"margin-right: 10px;\">\n        <p style=\"margin: 0;\">R\u00e8glement int\u00e9rieur du Comit\u00e9 National de f\u00e9vrier 2024<\/p>\n    <\/div>\n    <div>\n        <a href=\"https:\/\/eitimadagascar.mg\/wp-content\/uploads\/2024\/03\/Reglement-Interieur-EITI_version-finale-valide-fev24-.pdf\" target=\"_blank\">Download<\/a>\n    <\/div>\n<\/div>","protected":false},"excerpt":{"rendered":"<p>Le Comit\u00e9 National est l\u2019organe d\u00e9cisionnel de EITI Madagascar et constitue le cadre multipartite de concertation et d\u2019\u00e9change des parties prenantes \u00e0 la transparence des industries extractives. A cet effet, il a notamment pour mission: Le Comit\u00e9 National est compos\u00e9 de trois (03) coll\u00e8ges: celui de l\u2019Administration, celui des Industries Extractives et celui de la [&hellip;]<\/p>","protected":false},"author":1,"featured_media":0,"parent":0,"menu_order":0,"comment_status":"closed","ping_status":"closed","template":"","meta":{"_acf_changed":false,"footnotes":""},"class_list":["post-293","page","type-page","status-publish","hentry"],"acf":[],"_links":{"self":[{"href":"https:\/\/eitimadagascar.mg\/en\/wp-json\/wp\/v2\/pages\/293","targetHints":{"allow":["GET"]}}],"collection":[{"href":"https:\/\/eitimadagascar.mg\/en\/wp-json\/wp\/v2\/pages"}],"about":[{"href":"https:\/\/eitimadagascar.mg\/en\/wp-json\/wp\/v2\/types\/page"}],"author":[{"embeddable":true,"href":"https:\/\/eitimadagascar.mg\/en\/wp-json\/wp\/v2\/users\/1"}],"replies":[{"embeddable":true,"href":"https:\/\/eitimadagascar.mg\/en\/wp-json\/wp\/v2\/comments?post=293"}],"version-history":[{"count":20,"href":"https:\/\/eitimadagascar.mg\/en\/wp-json\/wp\/v2\/pages\/293\/revisions"}],"predecessor-version":[{"id":2562,"href":"https:\/\/eitimadagascar.mg\/en\/wp-json\/wp\/v2\/pages\/293\/revisions\/2562"}],"wp:attachment":[{"href":"https:\/\/eitimadagascar.mg\/en\/wp-json\/wp\/v2\/media?parent=293"}],"curies":[{"name":"wp","href":"https:\/\/api.w.org\/{rel}","templated":true}]}}